{"id":3,"date":"2024-01-16T21:44:43","date_gmt":"2024-01-16T21:44:43","guid":{"rendered":"https:\/\/holychoco.com\/?page_id=3"},"modified":"2025-01-16T11:57:44","modified_gmt":"2025-01-16T11:57:44","slug":"privacy-policy","status":"publish","type":"page","link":"https:\/\/holychoco.com\/fr\/privacy-policy\/","title":{"rendered":"Politique de confidentialit\u00e9"},"content":{"rendered":"<div data-elementor-type=\"wp-page\" data-elementor-id=\"3\" class=\"elementor elementor-3\" data-elementor-post-type=\"page\">\n\t\t\t\t<div class=\"elementor-element elementor-element-ba0e0f1 e-flex e-con-boxed e-con e-parent\" data-id=\"ba0e0f1\" data-element_type=\"container\">\n\t\t\t\t\t<div class=\"e-con-inner\">\n\t\t<div class=\"elementor-element elementor-element-d91b28a e-con-full animated-slow e-flex elementor-invisible e-con e-child\" data-id=\"d91b28a\" data-element_type=\"container\" data-settings=\"{&quot;background_background&quot;:&quot;classic&quot;,&quot;animation&quot;:&quot;fadeIn&quot;}\">\n\t\t\t\t<div class=\"elementor-element elementor-element-dad84b7 elementor-widget__width-initial elementor-invisible elementor-widget elementor-widget-heading\" data-id=\"dad84b7\" data-element_type=\"widget\" data-settings=\"{&quot;_animation&quot;:&quot;fadeInUp&quot;}\" data-widget_type=\"heading.default\">\n\t\t\t\t<div class=\"elementor-widget-container\">\n\t\t\t\t\t<h1 class=\"elementor-heading-title elementor-size-default\"><b>Politique de confidentialit\u00e9<\/b><br> for Holy Choco<\/h1>\t\t\t\t<\/div>\n\t\t\t\t<\/div>\n\t\t\t\t<\/div>\n\t\t\t\t\t<\/div>\n\t\t\t\t<\/div>\n\t\t<div class=\"elementor-element elementor-element-3e040e8 e-flex e-con-boxed e-con e-parent\" data-id=\"3e040e8\" data-element_type=\"container\">\n\t\t\t\t\t<div class=\"e-con-inner\">\n\t\t\t\t<div class=\"elementor-element elementor-element-3e44f54 elementor-absolute elementor-widget elementor-widget-image\" data-id=\"3e44f54\" data-element_type=\"widget\" data-settings=\"{&quot;_position&quot;:&quot;absolute&quot;,&quot;motion_fx_motion_fx_scrolling&quot;:&quot;yes&quot;,&quot;motion_fx_translateY_effect&quot;:&quot;yes&quot;,&quot;motion_fx_translateY_direction&quot;:&quot;negative&quot;,&quot;motion_fx_translateX_effect&quot;:&quot;yes&quot;,&quot;motion_fx_translateX_direction&quot;:&quot;negative&quot;,&quot;motion_fx_rotateZ_effect&quot;:&quot;yes&quot;,&quot;motion_fx_rotateZ_direction&quot;:&quot;negative&quot;,&quot;motion_fx_translateY_speed&quot;:{&quot;unit&quot;:&quot;px&quot;,&quot;size&quot;:4,&quot;sizes&quot;:[]},&quot;motion_fx_translateY_affectedRange&quot;:{&quot;unit&quot;:&quot;%&quot;,&quot;size&quot;:&quot;&quot;,&quot;sizes&quot;:{&quot;start&quot;:0,&quot;end&quot;:100}},&quot;motion_fx_translateX_speed&quot;:{&quot;unit&quot;:&quot;px&quot;,&quot;size&quot;:4,&quot;sizes&quot;:[]},&quot;motion_fx_translateX_affectedRange&quot;:{&quot;unit&quot;:&quot;%&quot;,&quot;size&quot;:&quot;&quot;,&quot;sizes&quot;:{&quot;start&quot;:0,&quot;end&quot;:100}},&quot;motion_fx_rotateZ_speed&quot;:{&quot;unit&quot;:&quot;px&quot;,&quot;size&quot;:1,&quot;sizes&quot;:[]},&quot;motion_fx_rotateZ_affectedRange&quot;:{&quot;unit&quot;:&quot;%&quot;,&quot;size&quot;:&quot;&quot;,&quot;sizes&quot;:{&quot;start&quot;:0,&quot;end&quot;:100}},&quot;motion_fx_devices&quot;:[&quot;desktop&quot;,&quot;laptop&quot;,&quot;tablet&quot;,&quot;mobile&quot;]}\" data-widget_type=\"image.default\">\n\t\t\t\t<div class=\"elementor-widget-container\">\n\t\t\t\t\t\t\t\t\t\t\t\t\t\t\t<img fetchpriority=\"high\" decoding=\"async\" width=\"829\" height=\"724\" src=\"https:\/\/holychoco.com\/wp-content\/uploads\/2024\/01\/top.png\" class=\"attachment-full size-full wp-image-116\" alt=\"\" srcset=\"https:\/\/holychoco.com\/wp-content\/uploads\/2024\/01\/top.png 829w, https:\/\/holychoco.com\/wp-content\/uploads\/2024\/01\/top-300x262.png 300w, https:\/\/holychoco.com\/wp-content\/uploads\/2024\/01\/top-768x671.png 768w\" sizes=\"(max-width: 829px) 100vw, 829px\" \/>\t\t\t\t\t\t\t\t\t\t\t\t\t\t\t<\/div>\n\t\t\t\t<\/div>\n\t\t\t\t<div class=\"elementor-element elementor-element-4658508 elementor-absolute elementor-widget elementor-widget-image\" data-id=\"4658508\" data-element_type=\"widget\" data-settings=\"{&quot;_position&quot;:&quot;absolute&quot;,&quot;motion_fx_motion_fx_scrolling&quot;:&quot;yes&quot;,&quot;motion_fx_translateY_effect&quot;:&quot;yes&quot;,&quot;motion_fx_translateX_effect&quot;:&quot;yes&quot;,&quot;motion_fx_rotateZ_effect&quot;:&quot;yes&quot;,&quot;motion_fx_translateY_speed&quot;:{&quot;unit&quot;:&quot;px&quot;,&quot;size&quot;:4,&quot;sizes&quot;:[]},&quot;motion_fx_translateY_affectedRange&quot;:{&quot;unit&quot;:&quot;%&quot;,&quot;size&quot;:&quot;&quot;,&quot;sizes&quot;:{&quot;start&quot;:0,&quot;end&quot;:100}},&quot;motion_fx_translateX_speed&quot;:{&quot;unit&quot;:&quot;px&quot;,&quot;size&quot;:4,&quot;sizes&quot;:[]},&quot;motion_fx_translateX_affectedRange&quot;:{&quot;unit&quot;:&quot;%&quot;,&quot;size&quot;:&quot;&quot;,&quot;sizes&quot;:{&quot;start&quot;:0,&quot;end&quot;:100}},&quot;motion_fx_rotateZ_speed&quot;:{&quot;unit&quot;:&quot;px&quot;,&quot;size&quot;:1,&quot;sizes&quot;:[]},&quot;motion_fx_rotateZ_affectedRange&quot;:{&quot;unit&quot;:&quot;%&quot;,&quot;size&quot;:&quot;&quot;,&quot;sizes&quot;:{&quot;start&quot;:0,&quot;end&quot;:100}},&quot;motion_fx_devices&quot;:[&quot;desktop&quot;,&quot;laptop&quot;,&quot;tablet&quot;,&quot;mobile&quot;]}\" data-widget_type=\"image.default\">\n\t\t\t\t<div class=\"elementor-widget-container\">\n\t\t\t\t\t\t\t\t\t\t\t\t\t\t\t<img fetchpriority=\"high\" decoding=\"async\" width=\"829\" height=\"724\" src=\"https:\/\/holychoco.com\/wp-content\/uploads\/2024\/01\/top.png\" class=\"attachment-full size-full wp-image-116\" alt=\"\" srcset=\"https:\/\/holychoco.com\/wp-content\/uploads\/2024\/01\/top.png 829w, https:\/\/holychoco.com\/wp-content\/uploads\/2024\/01\/top-300x262.png 300w, https:\/\/holychoco.com\/wp-content\/uploads\/2024\/01\/top-768x671.png 768w\" sizes=\"(max-width: 829px) 100vw, 829px\" \/>\t\t\t\t\t\t\t\t\t\t\t\t\t\t\t<\/div>\n\t\t\t\t<\/div>\n\t\t<div class=\"elementor-element elementor-element-80cf35f e-flex e-con-boxed e-con e-child\" data-id=\"80cf35f\" data-element_type=\"container\">\n\t\t\t\t\t<div class=\"e-con-inner\">\n\t\t<div class=\"elementor-element elementor-element-f4c3a26 e-con-full e-flex e-con e-child\" data-id=\"f4c3a26\" data-element_type=\"container\">\n\t\t\t\t<div class=\"elementor-element elementor-element-66c6ba2 elementor-widget elementor-widget-image\" data-id=\"66c6ba2\" data-element_type=\"widget\" data-widget_type=\"image.default\">\n\t\t\t\t<div class=\"elementor-widget-container\">\n\t\t\t\t\t\t\t\t\t\t\t\t\t\t\t<img decoding=\"async\" width=\"189\" height=\"72\" src=\"https:\/\/holychoco.com\/wp-content\/uploads\/2024\/01\/Vector-1-1.svg\" class=\"attachment-large size-large wp-image-137\" alt=\"\" \/>\t\t\t\t\t\t\t\t\t\t\t\t\t\t\t<\/div>\n\t\t\t\t<\/div>\n\t\t\t\t<div class=\"elementor-element elementor-element-eb66457 elementor-widget elementor-widget-text-editor\" data-id=\"eb66457\" data-element_type=\"widget\" data-widget_type=\"text-editor.default\">\n\t\t\t\t<div class=\"elementor-widget-container\">\n\t\t\t\t\t\t\t\t\t<p><b>Introduction<\/b><\/p>\n<p><span style=\"font-weight: 400;\">Chez Choco, la protection de votre vie priv\u00e9e est une priorit\u00e9 absolue. Nous nous engageHoly ons \u00e0 prot\u00e9ger vos informations personnelles et \u00e0 assurer une transparence totale quant \u00e0 la mani\u00e8re dont nous collectons, utilisons et prot\u00e9geons vos donn\u00e9es. Cette politique de confidentialit\u00e9 d\u00e9crit nos pratiques lorsque vous interagissez avec notre site web ou nos services.<\/span><\/p>\n<p><b>Informations que Nous Collectons<\/b><span style=\"font-weight: 400;\">&nbsp;<\/span><\/p>\n<p><span style=\"font-weight: 400;\">Pour vous offrir une exp\u00e9rience exceptionnelle, nous collectons les types d'informations personnelles suivants :<\/span><\/p>\n<ul>\n<li style=\"font-weight: 400;\" aria-level=\"1\"><b>Informations de Contact<\/b><span style=\"font-weight: 400;\">: Votre nom, adresse email, num\u00e9ro de t\u00e9l\u00e9phone et adresse lorsque vous passez une commande ou nous contactez.<\/span><\/li>\n<li style=\"font-weight: 400;\" aria-level=\"1\"><b>D\u00e9tails des Commandes<\/b><span style=\"font-weight: 400;\">: Informations relatives \u00e0 vos achats, comme les d\u00e9tails des produits, l\u2019historique des commandes et les informations de paiement (ex. : coordonn\u00e9es bancaires, adresse de facturation).<\/span><\/li>\n<li style=\"font-weight: 400;\" aria-level=\"1\"><b>Informations D\u00e9mographiques<\/b><span style=\"font-weight: 400;\">: Pr\u00e9f\u00e9rences, int\u00e9r\u00eats et autres donn\u00e9es pour personnaliser votre exp\u00e9rience.<\/span><\/li>\n<li style=\"font-weight: 400;\" aria-level=\"1\"><b>Informations Techniques<\/b><span style=\"font-weight: 400;\">: Donn\u00e9es collect\u00e9es automatiquement, telles que votre adresse IP, type de navigateur, syst\u00e8me d\u2019exploitation et informations sur votre appareil.<\/span><\/li>\n<li style=\"font-weight: 400;\" aria-level=\"1\"><b>Interactions avec le Site Web<\/b><span style=\"font-weight: 400;\">: D\u00e9tails concernant vos interactions avec notre site, y compris les pages visit\u00e9es, le temps pass\u00e9 sur le site et les clics.<\/span><\/li>\n<\/ul>\n<p><b>&nbsp;<\/b><\/p>\n<p><b>Comment Nous Collectons Vos Informations<\/b><span style=\"font-weight: 400;\">&nbsp;<\/span><\/p>\n<p><span style=\"font-weight: 400;\">Nous collectons vos informations personnelles de plusieurs mani\u00e8res :<\/span><\/p>\n<ol>\n<li style=\"font-weight: 400;\" aria-level=\"1\"><b>Directement aupr\u00e8s de vous :<\/b><span style=\"font-weight: 400;\">:<\/span>\n<p><\/p>\n<ul>\n<li style=\"font-weight: 400;\" aria-level=\"2\"><span style=\"font-weight: 400;\">Lorsque vous cr\u00e9ez un compte.<\/span><\/li>\n<li style=\"font-weight: 400;\" aria-level=\"2\"><span style=\"font-weight: 400;\">Lorsque vous passez une commande.<\/span><\/li>\n<li style=\"font-weight: 400;\" aria-level=\"2\"><span style=\"font-weight: 400;\">Lorsque vous vous inscrivez \u00e0 notre newsletter.<\/span><\/li>\n<li style=\"font-weight: 400;\" aria-level=\"2\"><span style=\"font-weight: 400;\">Lorsque vous nous contactez pour des questions ou du support.<\/span><\/li>\n<\/ul>\n<\/li>\n<li style=\"font-weight: 400;\" aria-level=\"1\"><b>Automatiquement<\/b><span style=\"font-weight: 400;\">:<\/span>\n<p><\/p>\n<ul>\n<li style=\"font-weight: 400;\" aria-level=\"2\"><span style=\"font-weight: 400;\">Gr\u00e2ce aux cookies et aux technologies de suivi.<\/span><\/li>\n<li style=\"font-weight: 400;\" aria-level=\"2\"><span style=\"font-weight: 400;\">Lorsque vous naviguez sur notre site web.<\/span><\/li>\n<\/ul>\n<\/li>\n<\/ol>\n<p><b>&nbsp;<\/b><\/p>\n<p><b>Comment Nous Utilisons Vos Informations<\/b><span style=\"font-weight: 400;\">&nbsp;<\/span><\/p>\n<p><span style=\"font-weight: 400;\">Les informations collect\u00e9es sont utilis\u00e9es pour :<\/span><\/p>\n<ul>\n<li style=\"font-weight: 400;\" aria-level=\"1\"><b>Traitement des Commandes<\/b><span style=\"font-weight: 400;\">: G\u00e9rer vos achats et livrer les produits \u00e0 l\u2019adresse indiqu\u00e9e.<\/span><\/li>\n<li style=\"font-weight: 400;\" aria-level=\"1\"><b>Am\u00e9liorer Votre Exp\u00e9rience<\/b><span style=\"font-weight: 400;\">: Personnaliser vos interactions avec notre site et nos services en fonction de vos pr\u00e9f\u00e9rences.<\/span><\/li>\n<li style=\"font-weight: 400;\" aria-level=\"1\"><b>Marketing<\/b><span style=\"font-weight: 400;\">: Envoyer des emails promotionnels et des mises \u00e0 jour sur nos produits, offres sp\u00e9ciales ou \u00e9v\u00e9nements (vous pouvez vous d\u00e9sinscrire \u00e0 tout moment).<\/span><\/li>\n<li style=\"font-weight: 400;\" aria-level=\"1\"><b>Support Client<\/b><span style=\"font-weight: 400;\">: R\u00e9pondre aux questions, r\u00e9soudre les probl\u00e8mes et am\u00e9liorer la qualit\u00e9 du service.<\/span><\/li>\n<li style=\"font-weight: 400;\" aria-level=\"1\"><b>Analyse<\/b><span style=\"font-weight: 400;\">: Analyser les performances du site et le comportement des utilisateurs pour am\u00e9liorer nos services.<\/span><\/li>\n<li style=\"font-weight: 400;\" aria-level=\"1\"><b>Conformit\u00e9 Juridique<\/b><span style=\"font-weight: 400;\">: Respecter les obligations l\u00e9gales et appliquer nos conditions.<\/span><\/li>\n<\/ul>\n<p><b>&nbsp;<\/b><\/p>\n<p><b>Partage de Vos Informations<\/b><span style=\"font-weight: 400;\">&nbsp;<\/span><\/p>\n<p><span style=\"font-weight: 400;\">Nous ne vendons pas vos informations personnelles. Cependant, vos donn\u00e9es peuvent \u00eatre partag\u00e9es dans les cas suivants :<\/span><\/p>\n<ul>\n<li style=\"font-weight: 400;\" aria-level=\"1\"><b>Prestataires de Services<\/b><span style=\"font-weight: 400;\">: Nous travaillons avec des tiers de confiance pour traiter les paiements, livrer les commandes et h\u00e9berger notre site web. Ces prestataires sont tenus de prot\u00e9ger vos informations.<\/span><\/li>\n<li style=\"font-weight: 400;\" aria-level=\"1\"><b>Obligations L\u00e9gales<\/b><span style=\"font-weight: 400;\">: En cas d\u2019exigences l\u00e9gales, nous pouvons divulguer vos donn\u00e9es aux autorit\u00e9s ou en r\u00e9ponse \u00e0 des demandes l\u00e9gales.<\/span><\/li>\n<li style=\"font-weight: 400;\" aria-level=\"1\"><b>Transactions Commerciales<\/b><span style=\"font-weight: 400;\">: En cas de fusion, acquisition ou vente de nos actifs, vos informations peuvent \u00eatre transf\u00e9r\u00e9es dans le cadre de la transaction.<\/span><\/li>\n<\/ul>\n<p><b>&nbsp;<\/b><\/p>\n<p><b>Cookies et Technologies de Suivi<\/b><span style=\"font-weight: 400;\">&nbsp;<\/span><\/p>\n<p><span style=\"font-weight: 400;\">Notre site web utilise des cookies pour am\u00e9liorer votre exp\u00e9rience de navigation. Les cookies nous aident \u00e0 :<\/span><\/p>\n<ul>\n<li style=\"font-weight: 400;\" aria-level=\"1\"><span style=\"font-weight: 400;\">M\u00e9moriser vos pr\u00e9f\u00e9rences.<\/span><\/li>\n<li style=\"font-weight: 400;\" aria-level=\"1\"><span style=\"font-weight: 400;\">Comprendre comment vous utilisez notre site.<\/span><\/li>\n<li style=\"font-weight: 400;\" aria-level=\"1\"><span style=\"font-weight: 400;\">Proposer des recommandations de produits personnalis\u00e9es.<\/span><\/li>\n<\/ul>\n<p><span style=\"font-weight: 400;\">Vous pouvez g\u00e9rer ou d\u00e9sactiver les cookies dans les param\u00e8tres de votre navigateur, mais cela pourrait affecter votre exp\u00e9rience sur notre site.<\/span><\/p>\n<p><\/p>\n<p><b>&nbsp;<\/b><\/p>\n<p><b>Mesures de S\u00e9curit\u00e9<\/b><span style=\"font-weight: 400;\">&nbsp;<\/span><\/p>\n<p><span style=\"font-weight: 400;\">Nous prenons des mesures raisonnables pour prot\u00e9ger vos informations personnelles contre tout acc\u00e8s non autoris\u00e9, perte, utilisation abusive ou alt\u00e9ration. Cependant, aucun syst\u00e8me en ligne ne peut garantir une s\u00e9curit\u00e9 absolue.<\/span><\/p>\n<p><\/p>\n<p><b>&nbsp;<\/b><\/p>\n<p><b>Vos Droits<\/b><span style=\"font-weight: 400;\">&nbsp;<\/span><\/p>\n<p><span style=\"font-weight: 400;\">Vous avez le droit de :<\/span><\/p>\n<ul>\n<li style=\"font-weight: 400;\" aria-level=\"1\"><b>Acc\u00e9der \u00e0 Vos Donn\u00e9es<\/b><span style=\"font-weight: 400;\">: Demander une copie des informations personnelles que nous d\u00e9tenons \u00e0 votre sujet.<\/span><\/li>\n<li style=\"font-weight: 400;\" aria-level=\"1\"><b>Mettre \u00e0 Jour Vos Informations<\/b><span style=\"font-weight: 400;\">: Corriger les inexactitudes dans vos donn\u00e9es.<\/span><\/li>\n<li style=\"font-weight: 400;\" aria-level=\"1\"><b>Supprimer Vos Donn\u00e9es<\/b><span style=\"font-weight: 400;\">: Demander la suppression de vos informations personnelles, sous r\u00e9serve des obligations l\u00e9gales.<\/span><\/li>\n<li style=\"font-weight: 400;\" aria-level=\"1\"><b>Vous D\u00e9sinscrire<\/b><span style=\"font-weight: 400;\">: Vous d\u00e9sabonner des communications marketing \u00e0 tout moment.<\/span><\/li>\n<\/ul>\n<p><span style=\"font-weight: 400;\">Pour exercer ces droits, contactez-nous via les coordonn\u00e9es ci-dessous.<\/span><\/p>\n<p><\/p>\n<p><b>&nbsp;<\/b><\/p>\n<p><b>Modifications de Cette Politique de Confidentialit\u00e9<\/b><\/p>\n<p><span style=\"font-weight: 400;\">Nous pouvons mettre \u00e0 jour cette politique de confidentialit\u00e9 p\u00e9riodiquement pour refl\u00e9ter les changements dans nos pratiques ou pour respecter la l\u00e9gislation en vigueur. Les mises \u00e0 jour seront publi\u00e9es sur cette page avec la date d\u2019entr\u00e9e en vigueur r\u00e9vis\u00e9e.<\/span><\/p>\n<p><b>&nbsp;<\/b><\/p>\n<p><b>Nous Contacter<\/b><span style=\"font-weight: 400;\">&nbsp;<\/span><\/p>\n<p><span style=\"font-weight: 400;\">Si vous avez des questions ou des pr\u00e9occupations concernant cette politique de confidentialit\u00e9, veuillez nous contacter :<\/span><\/p>\n<p><b>Holy Choco<\/b><\/p>\n<p><ul><li><span style=\"font-weight: 400;\">Email: <\/span><a href=\"mailto:Info@Mont-Tacos.Com\"><span style=\"font-weight: 400;\">Info@Mont-Tacos.Com<\/span><\/a><\/li><li><span style=\"color: var( --e-global-color-text ); text-align: var(--text-align);\">T\u00e9l\u00e9phone : (514) 287-3333<\/span><\/li><li><span style=\"font-weight: 400;\">Adresse: <\/span><a href=\"https:\/\/maps.app.goo.gl\/TA62DD1aJcFueR6J7\"><span style=\"font-weight: 400;\">366 Sherbrooke St E, Montreal,<\/span><\/a>&nbsp;<a href=\"https:\/\/maps.app.goo.gl\/TA62DD1aJcFueR6J7\" style=\"text-align: var(--text-align); background-color: rgb(255, 255, 255);\">Quebec H2X 1E6<\/a><\/li><\/ul><\/p>\n\n<p><span style=\"font-weight: 400;\">Merci de faire confiance \u00e0 Holy Choco pour vos informations personnelles. Votre vie priv\u00e9e est importante pour nous.<\/span><\/p>\t\t\t\t\t\t\t\t<\/div>\n\t\t\t\t<\/div>\n\t\t\t\t<\/div>\n\t\t\t\t\t<\/div>\n\t\t\t\t<\/div>\n\t\t\t\t\t<\/div>\n\t\t\t\t<\/div>\n\t\t\t\t<\/div>","protected":false},"excerpt":{"rendered":"<p>Privacy Policy for Holy Choco Introduction At Holy Choco, your privacy is a top priority. We are committed to safeguarding your personal information and ensuring transparency in how we collect, use, and protect your data. This Privacy Policy outlines our practices when you interact with our website or services. Information We Collect&nbsp; To provide you [&hellip;]<\/p>","protected":false},"author":1,"featured_media":0,"parent":0,"menu_order":0,"comment_status":"closed","ping_status":"open","template":"","meta":{"footnotes":""},"class_list":["post-3","page","type-page","status-publish","hentry"],"_links":{"self":[{"href":"https:\/\/holychoco.com\/fr\/wp-json\/wp\/v2\/pages\/3","targetHints":{"allow":["GET"]}}],"collection":[{"href":"https:\/\/holychoco.com\/fr\/wp-json\/wp\/v2\/pages"}],"about":[{"href":"https:\/\/holychoco.com\/fr\/wp-json\/wp\/v2\/types\/page"}],"author":[{"embeddable":true,"href":"https:\/\/holychoco.com\/fr\/wp-json\/wp\/v2\/users\/1"}],"replies":[{"embeddable":true,"href":"https:\/\/holychoco.com\/fr\/wp-json\/wp\/v2\/comments?post=3"}],"version-history":[{"count":9,"href":"https:\/\/holychoco.com\/fr\/wp-json\/wp\/v2\/pages\/3\/revisions"}],"predecessor-version":[{"id":1915,"href":"https:\/\/holychoco.com\/fr\/wp-json\/wp\/v2\/pages\/3\/revisions\/1915"}],"wp:attachment":[{"href":"https:\/\/holychoco.com\/fr\/wp-json\/wp\/v2\/media?parent=3"}],"curies":[{"name":"wp","href":"https:\/\/api.w.org\/{rel}","templated":true}]}}